{"id":7,"date":"2015-06-03T20:58:34","date_gmt":"2015-06-03T20:58:34","guid":{"rendered":"http:\/\/rubigen.cl\/rose\/?page_id=7"},"modified":"2015-09-01T23:57:08","modified_gmt":"2015-09-01T23:57:08","slug":"nuestra-empresa","status":"publish","type":"page","link":"https:\/\/rubigen.cl\/?page_id=7","title":{"rendered":"Nuestra Empresa \/ Our Company"},"content":{"rendered":"<p><a href=\"http:\/\/rubigen.cl\/rose\/wp-content\/uploads\/2015\/06\/nuestra_empresa-03.jpg\"><img decoding=\"async\" loading=\"lazy\" class=\"alignnone wp-image-87 size-full\" src=\"http:\/\/rubigen.cl\/rose\/wp-content\/uploads\/2015\/06\/nuestra_empresa-03.jpg\" alt=\"nuestra_empresa-03\" width=\"810\" height=\"338\" srcset=\"https:\/\/rubigen.cl\/wp-content\/uploads\/2015\/06\/nuestra_empresa-03.jpg 810w, https:\/\/rubigen.cl\/wp-content\/uploads\/2015\/06\/nuestra_empresa-03-300x125.jpg 300w\" sizes=\"(max-width: 810px) 100vw, 810px\" \/><\/a><\/p>\n<p><a href=\"http:\/\/rubigen.cl\/rose\/wp-content\/uploads\/2015\/07\/banderas-02.png\"><img decoding=\"async\" loading=\"lazy\" class=\"alignnone size-full wp-image-60\" src=\"http:\/\/rubigen.cl\/rose\/wp-content\/uploads\/2015\/07\/banderas-02.png\" alt=\"banderas-02\" width=\"33\" height=\"20\" \/><\/a><strong>Nuestra Empresa<\/strong><a href=\"http:\/\/rubigen.cl\/rose\/wp-content\/uploads\/2015\/07\/banderas-02.png\"><br \/>\n<\/a>Disco, Distribuidora de Cosm\u00e9ticos Ltda., creada en Agosto de 1989 con el prop\u00f3sito de desarrollar y distribuir cosm\u00e9ticos utilizando como principios activos aceites naturales y extractos vegetales refinados.<\/p>\n<p>Tambi\u00e9n para la exportaci\u00f3n de estos principios activos a granel, especialmente el Aceite de Rosa Mosqueta y Gevuina Avellana Moll, ambos aceites naturales chilenos utilizados en la industria cosm\u00e9tica.<\/p>\n<p>Constantemente estamos en la b\u00fasqueda de nuevas oportunidades de negocios en el \u00e1rea de productos cosm\u00e9ticos ya sea a trav\u00e9s de representaciones de productos o asesor\u00edas en el desarrollo de fitocosm\u00e9ticos.<\/p>\n<p>Nuestros principales clientes son farmacias privadas, laboratorios cosm\u00e9ticos.<\/p>\n<p>&nbsp;<\/p>\n<p><a href=\"http:\/\/rubigen.cl\/rose\/wp-content\/uploads\/2015\/07\/banderas-01.png\"><img decoding=\"async\" loading=\"lazy\" class=\"alignnone size-full wp-image-59\" src=\"http:\/\/rubigen.cl\/rose\/wp-content\/uploads\/2015\/07\/banderas-01.png\" alt=\"banderas-01\" width=\"33\" height=\"20\" \/><\/a><strong>Our Company<br \/>\n<\/strong>Disco, Distribuidora de Cosm\u00e9ticos Ltda., was founded on August 1989 with the purpose of develops and distributing some cosmetic products which contains actives ingredients as natural oil or refined botanical extracts. Also we are exporting these active ingredients in bulk, for example Refined Rose Hip Oil, Gevuina Avellana Moll, both natural chilean oils which are used in cosmetic industry.<\/p>\n<p>We are constantly searching for new business in areas like cosmetic industry acting as exclusive agent or developing new products for our clients. Our main customers include private pharmacies, cosmetic manufacturing laboratories.<\/p>\n","protected":false},"excerpt":{"rendered":"<p>Nuestra Empresa Disco, Distribuidora de Cosm\u00e9ticos Ltda., creada en Agosto de 1989 con el prop\u00f3sito de desarrollar y distribuir cosm\u00e9ticos utilizando como principios activos aceites naturales y extractos vegetales refinados. Tambi\u00e9n para la exportaci\u00f3n de estos principios activos a granel,<\/p>\n","protected":false},"author":1,"featured_media":0,"parent":0,"menu_order":0,"comment_status":"closed","ping_status":"closed","template":"","meta":[],"_links":{"self":[{"href":"https:\/\/rubigen.cl\/index.php?rest_route=\/wp\/v2\/pages\/7"}],"collection":[{"href":"https:\/\/rubigen.cl\/index.php?rest_route=\/wp\/v2\/pages"}],"about":[{"href":"https:\/\/rubigen.cl\/index.php?rest_route=\/wp\/v2\/types\/page"}],"author":[{"embeddable":true,"href":"https:\/\/rubigen.cl\/index.php?rest_route=\/wp\/v2\/users\/1"}],"replies":[{"embeddable":true,"href":"https:\/\/rubigen.cl\/index.php?rest_route=%2Fwp%2Fv2%2Fcomments&post=7"}],"version-history":[{"count":9,"href":"https:\/\/rubigen.cl\/index.php?rest_route=\/wp\/v2\/pages\/7\/revisions"}],"predecessor-version":[{"id":94,"href":"https:\/\/rubigen.cl\/index.php?rest_route=\/wp\/v2\/pages\/7\/revisions\/94"}],"wp:attachment":[{"href":"https:\/\/rubigen.cl\/index.php?rest_route=%2Fwp%2Fv2%2Fmedia&parent=7"}],"curies":[{"name":"wp","href":"https:\/\/api.w.org\/{rel}","templated":true}]}}