{"id":32,"date":"2015-07-30T18:37:32","date_gmt":"2015-07-30T18:37:32","guid":{"rendered":"http:\/\/rubigen.cl\/rose\/?page_id=32"},"modified":"2015-09-02T00:36:59","modified_gmt":"2015-09-02T00:36:59","slug":"crema-de-parpados-eyelins-cream","status":"publish","type":"page","link":"https:\/\/rubigen.cl\/?page_id=32","title":{"rendered":"Crema de P\u00e1rpados \/ Eyelids Cream"},"content":{"rendered":"<p><img decoding=\"async\" loading=\"lazy\" class=\"alignnone wp-image-96 size-full\" src=\"http:\/\/rubigen.cl\/rose\/wp-content\/uploads\/2015\/07\/crema_de_parpados-04.jpg\" alt=\"crema de parpados\" width=\"810\" height=\"338\" srcset=\"https:\/\/rubigen.cl\/wp-content\/uploads\/2015\/07\/crema_de_parpados-04.jpg 810w, https:\/\/rubigen.cl\/wp-content\/uploads\/2015\/07\/crema_de_parpados-04-300x125.jpg 300w\" sizes=\"(max-width: 810px) 100vw, 810px\" \/><\/p>\n<p><img decoding=\"async\" loading=\"lazy\" class=\"alignnone size-full wp-image-60\" src=\"http:\/\/rubigen.cl\/rose\/wp-content\/uploads\/2015\/07\/banderas-02.png\" alt=\"banderas-02\" width=\"33\" height=\"20\" \/>\u00a0<strong>Crema de P\u00e1rpados<\/strong><\/p>\n<ul>\n<li>Contiene un alto porcentaje de aceite de Rosa Mosqueta como ingrediente activo.<\/li>\n<li>Contiene adem\u00e1s aceite de almendras.<\/li>\n<li>Indicada para atenuar arrugas del contorno del ojo. Lubrica e hidrata los p\u00e1rpados.<\/li>\n<li>Aplicar diariamente en la noche o d\u00eda.<\/li>\n<li>Envase : pote de 30g.<\/li>\n<li>Mantener en lugar seco y fresco.<\/li>\n<\/ul>\n<p><img decoding=\"async\" loading=\"lazy\" class=\"alignnone size-full wp-image-59\" src=\"http:\/\/rubigen.cl\/rose\/wp-content\/uploads\/2015\/07\/banderas-01.png\" alt=\"banderas-01\" width=\"33\" height=\"20\" \/>\u00a0<strong>Eyelids Cream<\/strong><\/p>\n<ul>\n<li>Contain pure rose hip seed oil ( as active ingredient ), almond oil.<\/li>\n<li>Packing unit : jar with 30g. (1 oz.).<\/li>\n<li>Cosmetic use : Reduces skin wrinkles, giving your skin a smoother and tighther appearance.<\/li>\n<li>Directions : Apply daily at night.<\/li>\n<li>Storage : Store in a cool place.<\/li>\n<li>warning : avoid applying on oily skin or affected by acne.<\/li>\n<\/ul>\n","protected":false},"excerpt":{"rendered":"<p>\u00a0Crema de P\u00e1rpados Contiene un alto porcentaje de aceite de Rosa Mosqueta como ingrediente activo. Contiene adem\u00e1s aceite de almendras. Indicada para atenuar arrugas del contorno del ojo. Lubrica e hidrata los p\u00e1rpados. Aplicar diariamente en la noche o d\u00eda.<\/p>\n","protected":false},"author":1,"featured_media":0,"parent":0,"menu_order":0,"comment_status":"closed","ping_status":"closed","template":"","meta":[],"_links":{"self":[{"href":"https:\/\/rubigen.cl\/index.php?rest_route=\/wp\/v2\/pages\/32"}],"collection":[{"href":"https:\/\/rubigen.cl\/index.php?rest_route=\/wp\/v2\/pages"}],"about":[{"href":"https:\/\/rubigen.cl\/index.php?rest_route=\/wp\/v2\/types\/page"}],"author":[{"embeddable":true,"href":"https:\/\/rubigen.cl\/index.php?rest_route=\/wp\/v2\/users\/1"}],"replies":[{"embeddable":true,"href":"https:\/\/rubigen.cl\/index.php?rest_route=%2Fwp%2Fv2%2Fcomments&post=32"}],"version-history":[{"count":6,"href":"https:\/\/rubigen.cl\/index.php?rest_route=\/wp\/v2\/pages\/32\/revisions"}],"predecessor-version":[{"id":101,"href":"https:\/\/rubigen.cl\/index.php?rest_route=\/wp\/v2\/pages\/32\/revisions\/101"}],"wp:attachment":[{"href":"https:\/\/rubigen.cl\/index.php?rest_route=%2Fwp%2Fv2%2Fmedia&parent=32"}],"curies":[{"name":"wp","href":"https:\/\/api.w.org\/{rel}","templated":true}]}}