{"id":243,"date":"2015-12-06T09:34:57","date_gmt":"2015-12-06T09:34:57","guid":{"rendered":"http:\/\/rubigen.cl\/?page_id=243"},"modified":"2015-12-06T10:08:15","modified_gmt":"2015-12-06T10:08:15","slug":"pack-aceite-rosa-mosqueta-prensado-en-frio-organico-cold-pressed-rose-hip-seed-oil-organic-grade","status":"publish","type":"page","link":"https:\/\/rubigen.cl\/?page_id=243","title":{"rendered":"PACK: Aceite Rosa Mosqueta Prensado en Fr\u00edo Org\u00e1nico \/ Cold Pressed Rose Hip Seed Oil &#8211; Organic Grade"},"content":{"rendered":"<p><img decoding=\"async\" loading=\"lazy\" class=\"alignnone wp-image-244 size-full\" src=\"http:\/\/rubigen.cl\/wp-content\/uploads\/2015\/12\/Dise\u00f1o-Web-Rubigen-15.jpg\" alt=\"Dise\u00f1o Web Rubigen-15\" width=\"810\" height=\"338\" srcset=\"https:\/\/rubigen.cl\/wp-content\/uploads\/2015\/12\/Dise\u00f1o-Web-Rubigen-15.jpg 810w, https:\/\/rubigen.cl\/wp-content\/uploads\/2015\/12\/Dise\u00f1o-Web-Rubigen-15-300x125.jpg 300w\" sizes=\"(max-width: 810px) 100vw, 810px\" \/><a href=\"http:\/\/rubigen.cl\/rose\/wp-content\/uploads\/2015\/07\/banderas-02.png\"><img decoding=\"async\" loading=\"lazy\" class=\"alignnone size-full wp-image-60\" src=\"http:\/\/rubigen.cl\/rose\/wp-content\/uploads\/2015\/07\/banderas-02.png\" alt=\"banderas-02\" width=\"33\" height=\"20\" \/><\/a>\u00a0<strong>Aceite Rosa Mosqueta Prensado en Fr\u00edo Org\u00e1nico<\/strong><\/p>\n<ul>\n<li>Contiene Aceite de semillas de Rosa Mosqueta prensado en fr\u00edo y Vitamina E como antioxidante.<\/li>\n<li>Uso Cosm\u00e9tico: atenuaci\u00f3n de arrugas y l\u00edneas de expresi\u00f3n, ayuda a mantener el cutis hidratado.<\/li>\n<li>Uso Dermatol\u00f3gico: cicatrices, aten\u00faa queloides provocados por quemaduras.<\/li>\n<li>Aplicar diariamente con suaves masajes en la noche.<\/li>\n<li>Envase : frasco gotario con 15 ml. Envase 3 x 15 ml.<\/li>\n<li>Mantener en lugar fresco y lejos de la luz solar.<\/li>\n<li>El aceite de Rosa Mosqueta contiene altos niveles de \u00c1cidos Grasos Esenciales: Acido Linol\u00e9ico y Acido Linol\u00e9nico. Algunos derivados del \u00e1cido retinoico.<\/li>\n<li>Producto de Exportaci\u00f3n.<\/li>\n<\/ul>\n<p><a href=\"http:\/\/rubigen.cl\/rose\/wp-content\/uploads\/2015\/07\/banderas-01.png\"><img decoding=\"async\" loading=\"lazy\" class=\"alignnone size-full wp-image-59\" src=\"http:\/\/rubigen.cl\/rose\/wp-content\/uploads\/2015\/07\/banderas-01.png\" alt=\"banderas-01\" width=\"33\" height=\"20\" \/><\/a>\u00a0<strong>Cold Pressed\u00a0Rose Hip Seed Oil \/ Organic Grade<\/strong><\/p>\n<ul>\n<li>Contain pure cold pressed rose hip seed oil as active ingredient and Vit. E as antioxidant. Rose Hip oil contains a high level of essential fatty acids, linolenic and linoleic acid. Also retinoic acid compounds. .<\/li>\n<li>Packing unit: Glass bottles with 15 ml. (0,5 Fl. Oz.) or 3 x 15 ml.<\/li>\n<li>Cosmetic use: Exceptional value for dehydrated, depleted, tired and aging skin. Smoothing facial lines, facial scars (Burns).<\/li>\n<li>Directions : Apply gently massage daily at night.<\/li>\n<li>Storage: Store in a cool place and avoid sun light.<\/li>\n<\/ul>\n","protected":false},"excerpt":{"rendered":"<p>\u00a0Aceite Rosa Mosqueta Prensado en Fr\u00edo Org\u00e1nico Contiene Aceite de semillas de Rosa Mosqueta prensado en fr\u00edo y Vitamina E como antioxidante. Uso Cosm\u00e9tico: atenuaci\u00f3n de arrugas y l\u00edneas de expresi\u00f3n, ayuda a mantener el cutis hidratado. Uso Dermatol\u00f3gico: cicatrices,<\/p>\n","protected":false},"author":1,"featured_media":0,"parent":0,"menu_order":0,"comment_status":"closed","ping_status":"closed","template":"","meta":[],"_links":{"self":[{"href":"https:\/\/rubigen.cl\/index.php?rest_route=\/wp\/v2\/pages\/243"}],"collection":[{"href":"https:\/\/rubigen.cl\/index.php?rest_route=\/wp\/v2\/pages"}],"about":[{"href":"https:\/\/rubigen.cl\/index.php?rest_route=\/wp\/v2\/types\/page"}],"author":[{"embeddable":true,"href":"https:\/\/rubigen.cl\/index.php?rest_route=\/wp\/v2\/users\/1"}],"replies":[{"embeddable":true,"href":"https:\/\/rubigen.cl\/index.php?rest_route=%2Fwp%2Fv2%2Fcomments&post=243"}],"version-history":[{"count":1,"href":"https:\/\/rubigen.cl\/index.php?rest_route=\/wp\/v2\/pages\/243\/revisions"}],"predecessor-version":[{"id":245,"href":"https:\/\/rubigen.cl\/index.php?rest_route=\/wp\/v2\/pages\/243\/revisions\/245"}],"wp:attachment":[{"href":"https:\/\/rubigen.cl\/index.php?rest_route=%2Fwp%2Fv2%2Fmedia&parent=243"}],"curies":[{"name":"wp","href":"https:\/\/api.w.org\/{rel}","templated":true}]}}