{"id":207,"date":"2015-12-05T23:54:28","date_gmt":"2015-12-05T23:54:28","guid":{"rendered":"http:\/\/rubigen.cl\/?page_id=207"},"modified":"2015-12-06T08:55:34","modified_gmt":"2015-12-06T08:55:34","slug":"aceite-de-rosa-mosqueta-frasco-gotario-15mm","status":"publish","type":"page","link":"https:\/\/rubigen.cl\/?page_id=207","title":{"rendered":"Aceite de Rosa Mosqueta \/ Rose Hip Oil Galss Bottles"},"content":{"rendered":"<p><img decoding=\"async\" loading=\"lazy\" class=\"alignnone wp-image-227 size-full\" src=\"http:\/\/rubigen.cl\/wp-content\/uploads\/2015\/12\/Rose-Hip-Oil-12.jpg\" alt=\"Rose Hip Oil-12\" width=\"810\" height=\"338\" srcset=\"https:\/\/rubigen.cl\/wp-content\/uploads\/2015\/12\/Rose-Hip-Oil-12.jpg 810w, https:\/\/rubigen.cl\/wp-content\/uploads\/2015\/12\/Rose-Hip-Oil-12-300x125.jpg 300w\" sizes=\"(max-width: 810px) 100vw, 810px\" \/><a href=\"http:\/\/rubigen.cl\/rose\/wp-content\/uploads\/2015\/07\/banderas-02.png\"><br \/>\n<img decoding=\"async\" loading=\"lazy\" class=\"alignnone size-full wp-image-60\" src=\"http:\/\/rubigen.cl\/rose\/wp-content\/uploads\/2015\/07\/banderas-02.png\" alt=\"banderas-02\" width=\"33\" height=\"20\" \/><\/a>\u00a0<strong>Aceite de Rosa Mosqueta\u00a0&#8211; Frasco 15mm<\/strong><\/p>\n<ul>\n<li>Contiene Aceite de Rosa Mosqueta 99.95% y Vitamina E 0,05% como antioxidante.<\/li>\n<li>Uso Cosm\u00e9tico : atenuaci\u00f3n de arrugas y l\u00edneas de expresi\u00f3n, ayuda a mantener el cutis hidratado.<\/li>\n<li>Uso Dermatol\u00f3gico: cicatrices, aten\u00faa queloides provocados por quemaduras.<\/li>\n<li>Aplicar diariamente con suaves masajes en la noche.<\/li>\n<li>Envase : frasco gotario con 15 ml.<\/li>\n<li>Mantener en lugar fresco y lejos de la luz solar.<\/li>\n<li>Precauci\u00f3n: no aplicar en cutis grasoso o con acn\u00e9.<\/li>\n<li>El aceite de Rosa Mosqueta contiene altos niveles de Acidos Grasos Esenciales, Acido Linol\u00e9ico y Linol\u00e9nico.<\/li>\n<li>Producto de Exportaci\u00f3n.<\/li>\n<\/ul>\n<p><a href=\"http:\/\/rubigen.cl\/rose\/wp-content\/uploads\/2015\/07\/banderas-01.png\"><img decoding=\"async\" loading=\"lazy\" class=\"alignnone size-full wp-image-59\" src=\"http:\/\/rubigen.cl\/rose\/wp-content\/uploads\/2015\/07\/banderas-01.png\" alt=\"banderas-01\" width=\"33\" height=\"20\" \/><\/a>\u00a0<strong>Rose Hip Oil Galss Bottles 15mm (0,50 Oz.)<\/strong><\/p>\n<ul>\n<li>Contain pure rose hip seed oil 99,95% as active ingredient and Vit. E 0,05% as antioxidant . Rose Hip oil contain a high level of essential fatty acids, linolenic and linoleic acid.<\/li>\n<li>Packing unit : Glass bottles with 15 ml. ( 0,5 Fl. Oz.).<\/li>\n<li>Cosmetic use : Exceptional value for dehydrated, depleted, tired and aging skin. Smoothing facial lines, facial scars ( Burns ).<\/li>\n<li>Directions : Apply gently massage daily at night.<\/li>\n<li>Storage : Store in a cool place and avoid sun light.<\/li>\n<li>warning : avoid applying on oily skin or affected by acne.<\/li>\n<\/ul>\n","protected":false},"excerpt":{"rendered":"<p>\u00a0Aceite de Rosa Mosqueta\u00a0&#8211; Frasco 15mm Contiene Aceite de Rosa Mosqueta 99.95% y Vitamina E 0,05% como antioxidante. Uso Cosm\u00e9tico : atenuaci\u00f3n de arrugas y l\u00edneas de expresi\u00f3n, ayuda a mantener el cutis hidratado. Uso Dermatol\u00f3gico: cicatrices, aten\u00faa queloides provocados<\/p>\n","protected":false},"author":1,"featured_media":0,"parent":0,"menu_order":0,"comment_status":"closed","ping_status":"closed","template":"","meta":[],"_links":{"self":[{"href":"https:\/\/rubigen.cl\/index.php?rest_route=\/wp\/v2\/pages\/207"}],"collection":[{"href":"https:\/\/rubigen.cl\/index.php?rest_route=\/wp\/v2\/pages"}],"about":[{"href":"https:\/\/rubigen.cl\/index.php?rest_route=\/wp\/v2\/types\/page"}],"author":[{"embeddable":true,"href":"https:\/\/rubigen.cl\/index.php?rest_route=\/wp\/v2\/users\/1"}],"replies":[{"embeddable":true,"href":"https:\/\/rubigen.cl\/index.php?rest_route=%2Fwp%2Fv2%2Fcomments&post=207"}],"version-history":[{"count":6,"href":"https:\/\/rubigen.cl\/index.php?rest_route=\/wp\/v2\/pages\/207\/revisions"}],"predecessor-version":[{"id":229,"href":"https:\/\/rubigen.cl\/index.php?rest_route=\/wp\/v2\/pages\/207\/revisions\/229"}],"wp:attachment":[{"href":"https:\/\/rubigen.cl\/index.php?rest_route=%2Fwp%2Fv2%2Fmedia&parent=207"}],"curies":[{"name":"wp","href":"https:\/\/api.w.org\/{rel}","templated":true}]}}